{"id":22,"date":"2025-02-04T00:43:27","date_gmt":"2025-02-04T00:43:27","guid":{"rendered":"https:\/\/dbi.403.myftpupload.com\/?page_id=22"},"modified":"2025-04-02T21:54:17","modified_gmt":"2025-04-03T01:54:17","slug":"about-us","status":"publish","type":"page","link":"https:\/\/damicrosolutions.com\/fr\/about-us\/","title":{"rendered":"\u00c0 propos de nous"},"content":{"rendered":"<h2 class=\"wp-block-heading has-background coblocks-animate\" style=\"background-color:#f6fcff;padding-right:var(--wp--preset--spacing--50);padding-left:var(--wp--preset--spacing--50)\" data-coblocks-animation=\"fadeIn\">\u00c0 propos de l&#039;entreprise<\/h2>\n\n\n\n<p class=\"has-ast-global-color-3-color has-text-color has-link-color coblocks-animate wp-elements-7e17d1a98b9843c02eac61376018ab80\" data-coblocks-animation=\"fadeIn\">Damicro Inc. est une entreprise bas\u00e9e \u00e0 Montr\u00e9al qui propose des logiciels de conception de bases de donn\u00e9es de haute qualit\u00e9 <a href=\"https:\/\/damicrosolutions.com\/services\/\">services<\/a>, d\u00e9veloppement de logiciels personnalis\u00e9s et formation informatique depuis 1991. Nous travaillons avec des entreprises de toutes tailles, des startups aux grandes entreprises.<\/p>\n\n\n\n<p class=\"coblocks-animate\" data-coblocks-animation=\"fadeIn\">Depuis des d\u00e9cennies, nous aidons les entreprises en d\u00e9veloppant des logiciels personnalis\u00e9s, en am\u00e9liorant les applications existantes et en d\u00e9pannant les logiciels pour <a href=\"https:\/\/support.microsoft.com\/en-us\/windows\/find-information-about-your-windows-device-a66d52c8-3323-44fd-8f34-a9497bb935e1\" target=\"_blank\" rel=\"noreferrer noopener\">Syst\u00e8mes bas\u00e9s sur Windows<\/a>.<\/p>\n\n\n\n<p class=\"coblocks-animate\" data-coblocks-animation=\"fadeIn\">Chez Damicro Inc., nous sommes fiers de fournir un service exceptionnel pour aider votre entreprise \u00e0 cro\u00eetre, \u00e0 \u00e9tendre sa port\u00e9e sur le march\u00e9 et \u00e0 renforcer sa pr\u00e9sence. Votre succ\u00e8s motive le n\u00f4tre et nous accordons toujours la priorit\u00e9 \u00e0 vos meilleurs int\u00e9r\u00eats avec \u00e9quit\u00e9 et transparence.<\/p>\n\n\n\n<h2 class=\"wp-block-heading has-text-align-center coblocks-animate\" data-coblocks-animation=\"fadeIn\">Notre \u00e9quipe<\/h2>\n\n\n\n<figure class=\"wp-block-gallery has-nested-images columns-2 is-cropped has-background coblocks-animate has-lightbox wp-block-gallery-1 is-layout-flex wp-block-gallery-is-layout-flex\" style=\"border-style:none;border-width:0px;border-radius:0px;background-color:#f8ffff;padding-top:var(--wp--preset--spacing--30);padding-bottom:var(--wp--preset--spacing--30)\" data-coblocks-animation=\"fadeIn\">\n<figure class=\"wp-block-image size-full\"><img data-dominant-color=\"777c7c\" data-has-transparency=\"false\" style=\"--dominant-color: #777c7c;\" loading=\"lazy\" decoding=\"async\" width=\"2560\" height=\"1707\" data-id=\"1842\" src=\"https:\/\/damicrosolutions.com\/wp-content\/uploads\/2025\/03\/work-meeting-1-scaled.jpg\" alt=\"\" class=\"wp-image-1842 not-transparent\" srcset=\"https:\/\/damicrosolutions.com\/wp-content\/uploads\/2025\/03\/work-meeting-1-scaled.jpg 2560w, https:\/\/damicrosolutions.com\/wp-content\/uploads\/2025\/03\/work-meeting-1-300x200.jpg 300w, https:\/\/damicrosolutions.com\/wp-content\/uploads\/2025\/03\/work-meeting-1-1024x683.jpg 1024w, https:\/\/damicrosolutions.com\/wp-content\/uploads\/2025\/03\/work-meeting-1-768x512.jpg 768w, https:\/\/damicrosolutions.com\/wp-content\/uploads\/2025\/03\/work-meeting-1-1536x1024.jpg 1536w, https:\/\/damicrosolutions.com\/wp-content\/uploads\/2025\/03\/work-meeting-1-2048x1365.jpg 2048w, https:\/\/damicrosolutions.com\/wp-content\/uploads\/2025\/03\/work-meeting-1-18x12.jpg 18w\" sizes=\"auto, (max-width: 2560px) 100vw, 2560px\" \/><\/figure>\n\n\n\n<figure class=\"wp-block-image size-full is-style-default coblocks-animate\" data-coblocks-animation=\"fadeIn\"><img data-dominant-color=\"665e57\" data-has-transparency=\"false\" style=\"--dominant-color: #665e57;\" loading=\"lazy\" decoding=\"async\" width=\"2560\" height=\"1708\" data-id=\"1844\" src=\"https:\/\/damicrosolutions.com\/wp-content\/uploads\/2025\/03\/work-meeting2-scaled.jpg\" alt=\"\" class=\"wp-image-1844 not-transparent\" srcset=\"https:\/\/damicrosolutions.com\/wp-content\/uploads\/2025\/03\/work-meeting2-scaled.jpg 2560w, https:\/\/damicrosolutions.com\/wp-content\/uploads\/2025\/03\/work-meeting2-300x200.jpg 300w, https:\/\/damicrosolutions.com\/wp-content\/uploads\/2025\/03\/work-meeting2-1024x683.jpg 1024w, https:\/\/damicrosolutions.com\/wp-content\/uploads\/2025\/03\/work-meeting2-768x512.jpg 768w, https:\/\/damicrosolutions.com\/wp-content\/uploads\/2025\/03\/work-meeting2-1536x1025.jpg 1536w, https:\/\/damicrosolutions.com\/wp-content\/uploads\/2025\/03\/work-meeting2-2048x1366.jpg 2048w, https:\/\/damicrosolutions.com\/wp-content\/uploads\/2025\/03\/work-meeting2-18x12.jpg 18w\" sizes=\"auto, (max-width: 2560px) 100vw, 2560px\" \/><\/figure>\n\n\n\n<figure class=\"wp-block-image size-full\"><img data-dominant-color=\"847c7c\" data-has-transparency=\"false\" style=\"--dominant-color: #847c7c;\" loading=\"lazy\" decoding=\"async\" width=\"2560\" height=\"1707\" data-id=\"1846\" src=\"https:\/\/damicrosolutions.com\/wp-content\/uploads\/2025\/03\/work-meeting3-scaled.jpg\" alt=\"\" class=\"wp-image-1846 not-transparent\" srcset=\"https:\/\/damicrosolutions.com\/wp-content\/uploads\/2025\/03\/work-meeting3-scaled.jpg 2560w, https:\/\/damicrosolutions.com\/wp-content\/uploads\/2025\/03\/work-meeting3-300x200.jpg 300w, https:\/\/damicrosolutions.com\/wp-content\/uploads\/2025\/03\/work-meeting3-1024x683.jpg 1024w, https:\/\/damicrosolutions.com\/wp-content\/uploads\/2025\/03\/work-meeting3-768x512.jpg 768w, https:\/\/damicrosolutions.com\/wp-content\/uploads\/2025\/03\/work-meeting3-1536x1024.jpg 1536w, https:\/\/damicrosolutions.com\/wp-content\/uploads\/2025\/03\/work-meeting3-2048x1365.jpg 2048w, https:\/\/damicrosolutions.com\/wp-content\/uploads\/2025\/03\/work-meeting3-18x12.jpg 18w\" sizes=\"auto, (max-width: 2560px) 100vw, 2560px\" \/><\/figure>\n<\/figure>\n\n\n\n<div style=\"height:35px\" aria-hidden=\"true\" class=\"wp-block-spacer\"><\/div>\n\n\n\n<h2 class=\"wp-block-heading has-text-align-center coblocks-animate\" data-coblocks-animation=\"fadeIn\">Nos clients<\/h2>\n\n\n\n<p class=\"coblocks-animate\" data-coblocks-animation=\"fadeIn\">Nous sommes conscients que le succ\u00e8s de notre entreprise d\u00e9pend de notre capacit\u00e9 \u00e0 d\u00e9fendre les int\u00e9r\u00eats de nos clients et \u00e0 les traiter de mani\u00e8re \u00e9quitable \u00e0 tout moment. Nous nous engageons \u00e0 offrir \u00e0 nos clients les normes les plus \u00e9lev\u00e9es possibles en mati\u00e8re de d\u00e9veloppement de logiciels personnalis\u00e9s, de formation informatique et de services de consultation.<\/p>\n\n\n\n<p class=\"has-text-align-center coblocks-animate\" data-coblocks-animation=\"fadeIn\">Notre portefeuille de clients comprend certaines des entreprises suivantes :<\/p>\n\n\n\n<div aria-label=\"Liste des logos\" class=\"wp-block-coblocks-logos is-style-default coblocks-animate\" data-coblocks-animation=\"fadeIn\"><div class=\"wp-block-coblocks-logos__row\"><div style=\"width:14.0476%\"><img decoding=\"async\" alt=\"\" data-id=\"1700\" data-width=\"14.0476%\" src=\"https:\/\/damicrosolutions.com\/wp-content\/uploads\/2025\/03\/Air-Canada-Logo-1024x817.png\"\/><\/div><div style=\"width:12.7381%\"><img decoding=\"async\" alt=\"\" data-id=\"1693\" data-width=\"12.7381%\" src=\"https:\/\/damicrosolutions.com\/wp-content\/uploads\/2025\/03\/unilever-logo-black-and-white.png\"\/><\/div><div style=\"width:13.2143%\"><img decoding=\"async\" alt=\"\" data-id=\"1663\" data-width=\"13.2143%\" src=\"https:\/\/damicrosolutions.com\/wp-content\/uploads\/2025\/03\/Cirque_du_Soleil_Logo.jpg\"\/><\/div><\/div><div class=\"wp-block-coblocks-logos__row\"><div style=\"width:16.7857%\"><img decoding=\"async\" alt=\"\" data-id=\"1664\" data-width=\"16.7857%\" src=\"https:\/\/damicrosolutions.com\/wp-content\/uploads\/2025\/03\/sunlife.jpg\"\/><\/div><div style=\"width:13.9286%\"><img decoding=\"async\" alt=\"\" data-id=\"1666\" data-width=\"13.9286%\" src=\"https:\/\/damicrosolutions.com\/wp-content\/uploads\/2025\/03\/bombardier-1.png\"\/><\/div><div style=\"width:15.7143%\"><img decoding=\"async\" alt=\"\" data-id=\"1661\" data-width=\"15.7143%\" src=\"https:\/\/damicrosolutions.com\/wp-content\/uploads\/2025\/03\/aldo.jpg\"\/><\/div><\/div><\/div>\n\n\n\n<div style=\"height:41px\" aria-hidden=\"true\" class=\"wp-block-spacer\"><\/div>\n\n\n\n<p class=\"coblocks-animate\" data-coblocks-animation=\"fadeIn\">En tant que partenaire de confiance de plus de 20 entreprises prosp\u00e8res, nous sommes fiers de fournir des services de premier ordre. Notre objectif est de fournir aux entreprises des solutions innovantes et ax\u00e9es sur les r\u00e9sultats. Ces solutions am\u00e9liorent l&#039;efficacit\u00e9, l&#039;\u00e9volutivit\u00e9 et la croissance \u00e0 long terme.<\/p>\n\n\n\n<p class=\"coblocks-animate\" data-coblocks-animation=\"fadeIn\">Notre \u00e9quipe d&#039;experts est sp\u00e9cialis\u00e9e dans le d\u00e9veloppement de logiciels et les programmes de formation. Nous analysons, concevons et mettons en \u0153uvre des solutions de pointe qui augmentent l&#039;efficacit\u00e9, r\u00e9duisent les co\u00fbts et stimulent la productivit\u00e9. Ainsi, les entreprises peuvent optimiser leurs investissements informatiques, rationaliser leurs op\u00e9rations et garder une longueur d&#039;avance sur la concurrence.<\/p>\n\n\n\n<p class=\"coblocks-animate\" data-coblocks-animation=\"fadeIn\">De plus, nous nous concentrons \u00e0 la fois sur le d\u00e9veloppement et la formation. Nos solutions personnalis\u00e9es am\u00e9liorent le flux de travail, augmentent la satisfaction des clients et fournissent aux employ\u00e9s les outils dont ils ont besoin pour r\u00e9ussir.<\/p>\n\n\n\n<div style=\"height:33px\" aria-hidden=\"true\" class=\"wp-block-spacer\"><\/div>","protected":false},"excerpt":{"rendered":"<p>About the Company Damicro Inc. is a Montreal-based company that has been delivering high-quality database software design services, custom software [&hellip;]<\/p>\n","protected":false},"author":3,"featured_media":0,"parent":0,"menu_order":0,"comment_status":"closed","ping_status":"closed","template":"","meta":{"_acf_changed":false,"_coblocks_attr":"","_coblocks_dimensions":"","_coblocks_responsive_height":"","_coblocks_accordion_ie_support":"","site-sidebar-layout":"default","site-content-layout":"","ast-site-content-layout":"","site-content-style":"default","site-sidebar-style":"default","ast-global-header-display":"","ast-banner-title-visibility":"","ast-main-header-display":"","ast-hfb-above-header-display":"","ast-hfb-below-header-display":"","ast-hfb-mobile-header-display":"","site-post-title":"disabled","ast-breadcrumbs-content":"","ast-featured-img":"","footer-sml-layout":"","ast-disable-related-posts":"","theme-transparent-header-meta":"","adv-header-id-meta":"","stick-header-meta":"","header-above-stick-meta":"","header-main-stick-meta":"","header-below-stick-meta":"","astra-migrate-meta-layouts":"default","ast-page-background-enabled":"default","ast-page-background-meta":{"desktop":{"background-color":"var(--ast-global-color-5)","background-image":"","background-repeat":"repeat","background-position":"center center","background-size":"auto","background-attachment":"scroll","background-type":"","background-media":"","overlay-type":"","overlay-color":"","overlay-opacity":"","overlay-gradient":""},"tablet":{"background-color":"","background-image":"","background-repeat":"repeat","background-position":"center center","background-size":"auto","background-attachment":"scroll","background-type":"","background-media":"","overlay-type":"","overlay-color":"","overlay-opacity":"","overlay-gradient":""},"mobile":{"background-color":"","background-image":"","background-repeat":"repeat","background-position":"center center","background-size":"auto","background-attachment":"scroll","background-type":"","background-media":"","overlay-type":"","overlay-color":"","overlay-opacity":"","overlay-gradient":""}},"ast-content-background-meta":{"desktop":{"background-color":"var(--ast-global-color-4)","background-image":"","background-repeat":"repeat","background-position":"center center","background-size":"auto","background-attachment":"scroll","background-type":"","background-media":"","overlay-type":"","overlay-color":"","overlay-opacity":"","overlay-gradient":""},"tablet":{"background-color":"var(--ast-global-color-4)","background-image":"","background-repeat":"repeat","background-position":"center center","background-size":"auto","background-attachment":"scroll","background-type":"","background-media":"","overlay-type":"","overlay-color":"","overlay-opacity":"","overlay-gradient":""},"mobile":{"background-color":"var(--ast-global-color-4)","background-image":"","background-repeat":"repeat","background-position":"center center","background-size":"auto","background-attachment":"scroll","background-type":"","background-media":"","overlay-type":"","overlay-color":"","overlay-opacity":"","overlay-gradient":""}},"pgc_sgb_lightbox_settings":"","footnotes":""},"class_list":["post-22","page","type-page","status-publish","hentry"],"mb":[],"acf":[],"yoast_head":"<!-- This site is optimized with the Yoast SEO plugin v27.5 - https:\/\/yoast.com\/product\/yoast-seo-wordpress\/ -->\n<title>About Us &#8211; Damicro Inc. Custom Software Development and IT Training<\/title>\n<meta name=\"description\" content=\"Damicro Inc. is a Montreal-based company that has been delivering high-quality custom software development and IT training since 1991.\" \/>\n<meta name=\"robots\" content=\"index, follow, max-snippet:-1, max-image-preview:large, max-video-preview:-1\" \/>\n<link rel=\"canonical\" href=\"https:\/\/damicrosolutions.com\/fr\/about-us\/\" \/>\n<meta property=\"og:locale\" content=\"fr_CA\" \/>\n<meta property=\"og:type\" content=\"article\" \/>\n<meta property=\"og:title\" content=\"About Us &#8211; Damicro Inc. Custom Software Development and IT Training\" \/>\n<meta property=\"og:description\" content=\"Damicro Inc. is a Montreal-based company that has been delivering high-quality custom software development and IT training since 1991.\" \/>\n<meta property=\"og:url\" content=\"https:\/\/damicrosolutions.com\/fr\/about-us\/\" \/>\n<meta property=\"og:site_name\" content=\"Damicro Inc.\" \/>\n<meta property=\"article:publisher\" content=\"https:\/\/www.facebook.com\/damicrosolutions\" \/>\n<meta property=\"article:modified_time\" content=\"2025-04-03T01:54:17+00:00\" \/>\n<meta property=\"og:image\" content=\"https:\/\/damicrosolutions.com\/wp-content\/uploads\/2025\/03\/work-meeting-1-scaled.jpg\" \/>\n<meta name=\"twitter:card\" content=\"summary_large_image\" \/>\n<meta name=\"twitter:label1\" content=\"Estimation du temps de lecture\" \/>\n\t<meta name=\"twitter:data1\" content=\"3 minutes\" \/>\n<script type=\"application\/ld+json\" class=\"yoast-schema-graph\">{\"@context\":\"https:\\\/\\\/schema.org\",\"@graph\":[{\"@type\":\"WebPage\",\"@id\":\"https:\\\/\\\/damicrosolutions.com\\\/about-us\\\/\",\"url\":\"https:\\\/\\\/damicrosolutions.com\\\/about-us\\\/\",\"name\":\"About Us &#8211; Damicro Inc. Custom Software Development and IT Training\",\"isPartOf\":{\"@id\":\"https:\\\/\\\/damicrosolutions.com\\\/#website\"},\"primaryImageOfPage\":{\"@id\":\"https:\\\/\\\/damicrosolutions.com\\\/about-us\\\/#primaryimage\"},\"image\":{\"@id\":\"https:\\\/\\\/damicrosolutions.com\\\/about-us\\\/#primaryimage\"},\"thumbnailUrl\":\"https:\\\/\\\/damicrosolutions.com\\\/wp-content\\\/uploads\\\/2025\\\/03\\\/work-meeting-1-scaled.jpg\",\"datePublished\":\"2025-02-04T00:43:27+00:00\",\"dateModified\":\"2025-04-03T01:54:17+00:00\",\"description\":\"Damicro Inc. is a Montreal-based company that has been delivering high-quality custom software development and IT training since 1991.\",\"breadcrumb\":{\"@id\":\"https:\\\/\\\/damicrosolutions.com\\\/about-us\\\/#breadcrumb\"},\"inLanguage\":\"fr-CA\",\"potentialAction\":[{\"@type\":\"ReadAction\",\"target\":[\"https:\\\/\\\/damicrosolutions.com\\\/about-us\\\/\"]}]},{\"@type\":\"ImageObject\",\"inLanguage\":\"fr-CA\",\"@id\":\"https:\\\/\\\/damicrosolutions.com\\\/about-us\\\/#primaryimage\",\"url\":\"https:\\\/\\\/damicrosolutions.com\\\/wp-content\\\/uploads\\\/2025\\\/03\\\/work-meeting-1-scaled.jpg\",\"contentUrl\":\"https:\\\/\\\/damicrosolutions.com\\\/wp-content\\\/uploads\\\/2025\\\/03\\\/work-meeting-1-scaled.jpg\"},{\"@type\":\"BreadcrumbList\",\"@id\":\"https:\\\/\\\/damicrosolutions.com\\\/about-us\\\/#breadcrumb\",\"itemListElement\":[{\"@type\":\"ListItem\",\"position\":1,\"name\":\"Home\",\"item\":\"https:\\\/\\\/damicrosolutions.com\\\/\"},{\"@type\":\"ListItem\",\"position\":2,\"name\":\"About Us\"}]},{\"@type\":\"WebSite\",\"@id\":\"https:\\\/\\\/damicrosolutions.com\\\/#website\",\"url\":\"https:\\\/\\\/damicrosolutions.com\\\/\",\"name\":\"Damicro Solutions\",\"description\":\"\",\"publisher\":{\"@id\":\"https:\\\/\\\/damicrosolutions.com\\\/#organization\"},\"potentialAction\":[{\"@type\":\"SearchAction\",\"target\":{\"@type\":\"EntryPoint\",\"urlTemplate\":\"https:\\\/\\\/damicrosolutions.com\\\/?s={search_term_string}\"},\"query-input\":{\"@type\":\"PropertyValueSpecification\",\"valueRequired\":true,\"valueName\":\"search_term_string\"}}],\"inLanguage\":\"fr-CA\"},{\"@type\":\"Organization\",\"@id\":\"https:\\\/\\\/damicrosolutions.com\\\/#organization\",\"name\":\"Damicro Inc.\",\"url\":\"https:\\\/\\\/damicrosolutions.com\\\/\",\"logo\":{\"@type\":\"ImageObject\",\"inLanguage\":\"fr-CA\",\"@id\":\"https:\\\/\\\/damicrosolutions.com\\\/#\\\/schema\\\/logo\\\/image\\\/\",\"url\":\"https:\\\/\\\/damicrosolutions.com\\\/wp-content\\\/uploads\\\/2025\\\/03\\\/cropped-logo-removebg-1-1.png\",\"contentUrl\":\"https:\\\/\\\/damicrosolutions.com\\\/wp-content\\\/uploads\\\/2025\\\/03\\\/cropped-logo-removebg-1-1.png\",\"width\":512,\"height\":512,\"caption\":\"Damicro Inc.\"},\"image\":{\"@id\":\"https:\\\/\\\/damicrosolutions.com\\\/#\\\/schema\\\/logo\\\/image\\\/\"},\"sameAs\":[\"https:\\\/\\\/www.facebook.com\\\/damicrosolutions\",\"https:\\\/\\\/www.linkedin.com\\\/in\\\/damicrosolutions\\\/\",\"https:\\\/\\\/www.youtube.com\\\/@damicrosolutions\"]}]}<\/script>\n<!-- \/ Yoast SEO plugin. -->","yoast_head_json":{"title":"About Us &#8211; Damicro Inc. Custom Software Development and IT Training","description":"Damicro Inc. is a Montreal-based company that has been delivering high-quality custom software development and IT training since 1991.","robots":{"index":"index","follow":"follow","max-snippet":"max-snippet:-1","max-image-preview":"max-image-preview:large","max-video-preview":"max-video-preview:-1"},"canonical":"https:\/\/damicrosolutions.com\/fr\/about-us\/","og_locale":"fr_CA","og_type":"article","og_title":"About Us &#8211; Damicro Inc. Custom Software Development and IT Training","og_description":"Damicro Inc. is a Montreal-based company that has been delivering high-quality custom software development and IT training since 1991.","og_url":"https:\/\/damicrosolutions.com\/fr\/about-us\/","og_site_name":"Damicro Inc.","article_publisher":"https:\/\/www.facebook.com\/damicrosolutions","article_modified_time":"2025-04-03T01:54:17+00:00","og_image":[{"url":"https:\/\/damicrosolutions.com\/wp-content\/uploads\/2025\/03\/work-meeting-1-scaled.jpg","type":"","width":"","height":""}],"twitter_card":"summary_large_image","twitter_misc":{"Estimation du temps de lecture":"3 minutes"},"schema":{"@context":"https:\/\/schema.org","@graph":[{"@type":"WebPage","@id":"https:\/\/damicrosolutions.com\/about-us\/","url":"https:\/\/damicrosolutions.com\/about-us\/","name":"About Us &#8211; Damicro Inc. Custom Software Development and IT Training","isPartOf":{"@id":"https:\/\/damicrosolutions.com\/#website"},"primaryImageOfPage":{"@id":"https:\/\/damicrosolutions.com\/about-us\/#primaryimage"},"image":{"@id":"https:\/\/damicrosolutions.com\/about-us\/#primaryimage"},"thumbnailUrl":"https:\/\/damicrosolutions.com\/wp-content\/uploads\/2025\/03\/work-meeting-1-scaled.jpg","datePublished":"2025-02-04T00:43:27+00:00","dateModified":"2025-04-03T01:54:17+00:00","description":"Damicro Inc. is a Montreal-based company that has been delivering high-quality custom software development and IT training since 1991.","breadcrumb":{"@id":"https:\/\/damicrosolutions.com\/about-us\/#breadcrumb"},"inLanguage":"fr-CA","potentialAction":[{"@type":"ReadAction","target":["https:\/\/damicrosolutions.com\/about-us\/"]}]},{"@type":"ImageObject","inLanguage":"fr-CA","@id":"https:\/\/damicrosolutions.com\/about-us\/#primaryimage","url":"https:\/\/damicrosolutions.com\/wp-content\/uploads\/2025\/03\/work-meeting-1-scaled.jpg","contentUrl":"https:\/\/damicrosolutions.com\/wp-content\/uploads\/2025\/03\/work-meeting-1-scaled.jpg"},{"@type":"BreadcrumbList","@id":"https:\/\/damicrosolutions.com\/about-us\/#breadcrumb","itemListElement":[{"@type":"ListItem","position":1,"name":"Home","item":"https:\/\/damicrosolutions.com\/"},{"@type":"ListItem","position":2,"name":"About Us"}]},{"@type":"WebSite","@id":"https:\/\/damicrosolutions.com\/#website","url":"https:\/\/damicrosolutions.com\/","name":"Damicro Solutions","description":"","publisher":{"@id":"https:\/\/damicrosolutions.com\/#organization"},"potentialAction":[{"@type":"SearchAction","target":{"@type":"EntryPoint","urlTemplate":"https:\/\/damicrosolutions.com\/?s={search_term_string}"},"query-input":{"@type":"PropertyValueSpecification","valueRequired":true,"valueName":"search_term_string"}}],"inLanguage":"fr-CA"},{"@type":"Organization","@id":"https:\/\/damicrosolutions.com\/#organization","name":"Damicro Inc.","url":"https:\/\/damicrosolutions.com\/","logo":{"@type":"ImageObject","inLanguage":"fr-CA","@id":"https:\/\/damicrosolutions.com\/#\/schema\/logo\/image\/","url":"https:\/\/damicrosolutions.com\/wp-content\/uploads\/2025\/03\/cropped-logo-removebg-1-1.png","contentUrl":"https:\/\/damicrosolutions.com\/wp-content\/uploads\/2025\/03\/cropped-logo-removebg-1-1.png","width":512,"height":512,"caption":"Damicro Inc."},"image":{"@id":"https:\/\/damicrosolutions.com\/#\/schema\/logo\/image\/"},"sameAs":["https:\/\/www.facebook.com\/damicrosolutions","https:\/\/www.linkedin.com\/in\/damicrosolutions\/","https:\/\/www.youtube.com\/@damicrosolutions"]}]}},"mfb_rest_fields":["title","yoast_head","yoast_head_json"],"_links":{"self":[{"href":"https:\/\/damicrosolutions.com\/fr\/wp-json\/wp\/v2\/pages\/22","targetHints":{"allow":["GET"]}}],"collection":[{"href":"https:\/\/damicrosolutions.com\/fr\/wp-json\/wp\/v2\/pages"}],"about":[{"href":"https:\/\/damicrosolutions.com\/fr\/wp-json\/wp\/v2\/types\/page"}],"author":[{"embeddable":true,"href":"https:\/\/damicrosolutions.com\/fr\/wp-json\/wp\/v2\/users\/3"}],"replies":[{"embeddable":true,"href":"https:\/\/damicrosolutions.com\/fr\/wp-json\/wp\/v2\/comments?post=22"}],"version-history":[{"count":67,"href":"https:\/\/damicrosolutions.com\/fr\/wp-json\/wp\/v2\/pages\/22\/revisions"}],"predecessor-version":[{"id":2078,"href":"https:\/\/damicrosolutions.com\/fr\/wp-json\/wp\/v2\/pages\/22\/revisions\/2078"}],"wp:attachment":[{"href":"https:\/\/damicrosolutions.com\/fr\/wp-json\/wp\/v2\/media?parent=22"}],"curies":[{"name":"wp","href":"https:\/\/api.w.org\/{rel}","templated":true}]}}